{"id":4384,"date":"2026-01-25T22:45:31","date_gmt":"2026-01-25T22:45:31","guid":{"rendered":"https:\/\/casadosmigueis.pt\/?post_type=product&#038;p=4384"},"modified":"2026-02-01T12:26:37","modified_gmt":"2026-02-01T12:26:37","slug":"colheita-tardia-2019","status":"publish","type":"product","link":"https:\/\/casadosmigueis.pt\/pt\/produto\/colheita-tardia-2019\/","title":{"rendered":"Colheita Tardia"},"content":{"rendered":"<p>VINIFICA\u00c7\u00c3O<br \/>\nAs uvas foram vindimadas em 4 de Novembro de 2019 provenientes do talh\u00e3o da casta Boal (semillon) previamente seleccionados, foram transportadas em caixas de pl\u00e1stico alimentar de 20kg e sujeitas a uma rigorosa triagem \u00e0 entrada da adega. Foram posteriormente prensadas. O mosto prensado foi transferido para uma cuba de inox onde se manteve auma temperatura de 8\u00baC durante 48 horas at\u00e9 \u00e0 sua decanta\u00e7\u00e3o . Seguidamente transferiu-se este mosto para barricas de carvalho franc\u00eas usada para fermentar a temperatura de 12 graus pelo per\u00edodo de 90 dias.<\/p>\n<p>NOTAS DE PROVA<br \/>\nApresenta-se de cor amarelo dourado, aroma complexo com notas de frutas c\u00edtricas, damasco, passas e mel. Com um excelente equil\u00edbrio entre do\u00e7ura e acidez, \u00e9 a escolha perfeita para momentos especiais ou em combina\u00e7\u00e3o com sobremesas Um vinho sedutor, que termina fresco e com uma agrad\u00e1vel persist\u00eancia.<\/p>\n<p>FICHA T\u00c9CNICA<\/p>\n<p><a href=\"https:\/\/casadosmigueis.pt\/wp-content\/uploads\/2026\/01\/FT-Colheita-Tardia.pdf\" target=\"_blank\" rel=\"noopener\">FT Colheita Tardia\u00a0 <\/a><a href=\"https:\/\/casadosmigueis.pt\/wp-content\/uploads\/2026\/01\/FT-Colheita-Tardia.pdf\" target=\"_blank\" rel=\"noopener\"><img decoding=\"async\" class=\"wp-image-4388 alignleft\" src=\"https:\/\/casadosmigueis.pt\/wp-content\/uploads\/2026\/01\/pdf-150x150.png\" alt=\"\" width=\"17\" height=\"17\" srcset=\"https:\/\/casadosmigueis.pt\/wp-content\/uploads\/2026\/01\/pdf-150x150.png 150w, https:\/\/casadosmigueis.pt\/wp-content\/uploads\/2026\/01\/pdf-300x300.png 300w, https:\/\/casadosmigueis.pt\/wp-content\/uploads\/2026\/01\/pdf-100x100.png 100w, https:\/\/casadosmigueis.pt\/wp-content\/uploads\/2026\/01\/pdf-12x12.png 12w, https:\/\/casadosmigueis.pt\/wp-content\/uploads\/2026\/01\/pdf-90x90.png 90w, https:\/\/casadosmigueis.pt\/wp-content\/uploads\/2026\/01\/pdf-50x50.png 50w, https:\/\/casadosmigueis.pt\/wp-content\/uploads\/2026\/01\/pdf-96x96.png 96w, https:\/\/casadosmigueis.pt\/wp-content\/uploads\/2026\/01\/pdf-460x460.png 460w, https:\/\/casadosmigueis.pt\/wp-content\/uploads\/2026\/01\/pdf.png 512w\" sizes=\"(max-width: 17px) 100vw, 17px\" \/><\/a><\/p>","protected":false},"excerpt":{"rendered":"<p>CASTAS: Semillon<br \/>\nANO: 2019<br \/>\nIDADE DAS VINHAS: 25 anos<br \/>\nEST\u00c1GIO: 48 meses em barrica de carvalho franc\u00eas usada<br \/>\nENGARRAFAMENTO: Junho de 2024<\/p>","protected":false},"featured_media":4385,"comment_status":"open","ping_status":"closed","template":"","meta":[],"product_brand":[200],"product_cat":[199],"product_tag":[],"class_list":{"0":"post-4384","1":"product","2":"type-product","3":"status-publish","4":"has-post-thumbnail","6":"product_brand-casa-dos-migueis","7":"product_cat-colheitas","9":"first","10":"instock","11":"featured","12":"downloadable","13":"virtual","14":"purchasable","15":"product-type-simple"},"_links":{"self":[{"href":"https:\/\/casadosmigueis.pt\/pt\/wp-json\/wp\/v2\/product\/4384","targetHints":{"allow":["GET"]}}],"collection":[{"href":"https:\/\/casadosmigueis.pt\/pt\/wp-json\/wp\/v2\/product"}],"about":[{"href":"https:\/\/casadosmigueis.pt\/pt\/wp-json\/wp\/v2\/types\/product"}],"replies":[{"embeddable":true,"href":"https:\/\/casadosmigueis.pt\/pt\/wp-json\/wp\/v2\/comments?post=4384"}],"wp:featuredmedia":[{"embeddable":true,"href":"https:\/\/casadosmigueis.pt\/pt\/wp-json\/wp\/v2\/media\/4385"}],"wp:attachment":[{"href":"https:\/\/casadosmigueis.pt\/pt\/wp-json\/wp\/v2\/media?parent=4384"}],"wp:term":[{"taxonomy":"product_brand","embeddable":true,"href":"https:\/\/casadosmigueis.pt\/pt\/wp-json\/wp\/v2\/product_brand?post=4384"},{"taxonomy":"product_cat","embeddable":true,"href":"https:\/\/casadosmigueis.pt\/pt\/wp-json\/wp\/v2\/product_cat?post=4384"},{"taxonomy":"product_tag","embeddable":true,"href":"https:\/\/casadosmigueis.pt\/pt\/wp-json\/wp\/v2\/product_tag?post=4384"}],"curies":[{"name":"wp","href":"https:\/\/api.w.org\/{rel}","templated":true}]}}